{"id":70,"date":"2017-11-19T15:28:57","date_gmt":"2017-11-19T14:28:57","guid":{"rendered":"https:\/\/www.scannerveicoli.it\/?page_id=70"},"modified":"2017-11-19T15:36:06","modified_gmt":"2017-11-19T14:36:06","slug":"termini-e-condizioni","status":"publish","type":"page","link":"https:\/\/www.scannerveicoli.it\/?page_id=70","title":{"rendered":"Termini e condizioni"},"content":{"rendered":"[vc_row type=&#8221;in_container&#8221; full_screen_row_position=&#8221;middle&#8221; scene_position=&#8221;center&#8221; text_color=&#8221;dark&#8221; text_align=&#8221;left&#8221; overlay_strength=&#8221;0.3&#8243; shape_divider_position=&#8221;bottom&#8221;][vc_column column_padding=&#8221;no-extra-padding&#8221; column_padding_position=&#8221;all&#8221; background_color_opacity=&#8221;1&#8243; background_hover_color_opacity=&#8221;1&#8243; column_shadow=&#8221;none&#8221; column_border_radius=&#8221;none&#8221; width=&#8221;1\/1&#8243; tablet_text_alignment=&#8221;default&#8221; phone_text_alignment=&#8221;default&#8221; column_border_width=&#8221;none&#8221; column_border_style=&#8221;solid&#8221;][vc_custom_heading text=&#8221;Termini e condizioni&#8221; font_container=&#8221;tag:h1|text_align:center&#8221; use_theme_fonts=&#8221;yes&#8221;]<div class=\"nectar-fancy-ul\" data-list-icon=\"icon-salient-thin-line\" data-animation=\"false\" data-animation-delay=\"0\" data-color=\"accent-color\" data-spacing=\"default\" data-alignment=\"left\"> \n<ol>\n<li><b>ACCETTAZIONE\u00a0<\/b>&#8211; Il presente accordo \u00e8 un contratto legalmente vincolante tra l&#8217;Utente (dove &#8220;Utente&#8221; rappresenta l&#8217;organizzazione, l&#8217;istituzione o la societ\u00e0 per conto della quale viene utilizzata l&#8217;applicazione) e Federico D&#8217;Abbieri (persona fisica indicata come &#8220;Sviluppatore&#8221;). I presenti Termini di utilizzo (&#8220;Termini&#8221;) regolano l&#8217;uso dell&#8217;applicazione Scanner Veicoli (&#8220;App&#8221;) progettata per un dispositivo mobile (&#8220;Dispositivo&#8221;). Qualora l&#8217;Utente non accetti i presenti Termini, non dovr\u00e0 utilizzare l&#8217;App. L&#8217;Utente \u00e8 invitato a leggere attentamente tali Termini, in quanto il suo uso dell&#8217;App implica l&#8217;accettazione dei Termini e la loro applicazione. Qualora l&#8217;Utente non accettasse i presenti Termini, dovr\u00e0 smettere immediatamente di utilizzare l&#8217;App e rimuoverla dal Dispositivo. In caso di minore et\u00e0, l&#8217;Utente dovr\u00e0 disporre dell&#8217;autorizzazione di un genitore o tutore per l&#8217;utilizzo dell&#8217;App, e il genitore o tutore dovr\u00e0 accettare i presenti Termini per conto dell&#8217;Utente.<\/li>\n<li><b>LICENZA LIMITATA<\/b> &#8211; All&#8217;Utente viene concessa una licenza limitata, non trasferibile, non esclusiva, esente da diritti d&#8217;autore e revocabile a scaricare, eseguire e utilizzare l&#8217;App sul proprio Dispositivo. L&#8217;Utente riconosce e accetta il fatto che lo Sviluppatore stia concedendo una licenza per l&#8217;uso dell&#8217;App e che non stia vendendo o effettuando un&#8217;assegnazione dell&#8217;App all&#8217;Utente stesso. L&#8217;App \u00e8 destinata all&#8217;uso da parte dell&#8217;Utente. Sono strettamente vietati la vendita, il trasferimento, la modifica, la decodifica o la distribuzione dell&#8217;App, come pure la copia di immagini o testo inclusi nell&#8217;App.<\/li>\n<li><b>VARIAZIONI, MODIFICHE E CESSAZIONE<\/b> &#8211; Lo Sviluppatore si riserva il diritto di modificare in qualsiasi momento i presenti Termini e di imporre condizioni o termini nuovi o aggiuntivi sull&#8217;uso dell&#8217;App da parte dell&#8217;Utente. Tali modifiche o condizioni e termini aggiuntivi avranno effetto immediato e verranno integrati nel presente Contratto. Il continuo utilizzo dell&#8217;App da parte dell&#8217;Utente implica la sua accettazione e applicazione dei termini modificati. Lo Sviluppatore pu\u00f2, in qualunque momento, modificare o arrestare (in modo temporaneo o permanente) la distribuzione o l&#8217;aggiornamento dell&#8217;App. Lo Sviluppatore non \u00e8 tenuto a fornire servizi di supporto per l&#8217;App. Lo Sviluppatore non pu\u00f2 essere ritenuto responsabile verso alcun Utente o terza parte per qualsiasi modifica, sospensione o arresto di cui sopra.<\/li>\n<li><b>CONSENSO ALLA RACCOLTA E ALL&#8217;USO DI DATI<\/b> &#8211; L&#8217;Utente accetta che lo Sviluppatore utilizzi e archivi le informazioni fornite allo Sviluppatore stesso tramite l&#8217;uso dell&#8217;App, inclusi, a titolo esemplificativo i numeri di serie, il sistema operativo e altre informazioni del dispositivo dell&#8217;Utente in forma anonima. Tali informazioni sono utilizzati dallo Sviluppatore per soli fini statistici. L&#8217;Utente accetta che lo Sviluppatore raccolga e utilizzi dati tecnici e informazioni correlate, incluse, a titolo esemplificativo, informazioni tecniche sul Dispositivo e il sistema dell&#8217;Utente, raccolte per semplificare la disponibilit\u00e0 di aggiornamenti dell&#8217;App, supporto tecnico per l&#8217;App, notifiche push e altri servizi per l&#8217;Utente (se previsto). L&#8217;Utente accetta che possono essere inviate informazioni anonime per fini statistici a Firebase (https:\/\/www.firebase.com\/terms\/privacy-policy.html). L&#8217;Utente accetta che possono essere inviati dati di profilazione per fini pubblicitari ad Admob (https:\/\/www.google.it\/admob\/). In nessun caso, lo Sviluppatore divulgher\u00e0 tali dati a soggetti diversi da quelli indicati. Durante l&#8217;utilizzo dell&#8217;App, l&#8217;Utente ha la possibilit\u00e0 di inviare volontariamente segnalazioni anonime di avvistamento targhe denunciate contententi la propria posizione ed un messaggio di testo. Tali dati vengono archiviati su database Firebase ed il proprietario del veicolo pu\u00f2 in ogni momento esercitare i propri diritti ai sensi del D.lgs 196\/03.<\/li>\n<li><b>USO ACCETTABILE<\/b> &#8211; L&#8217;Utente accetta di rispettare la legge e i diritti di propriet\u00e0 intellettuale altrui. L&#8217;Utente accetta inoltre di non inviare, visualizzare, eseguire o distribuire in altro modo informazioni proprietarie, soggette a copyright, oggetto di segreto commerciale, riservate o inappropriate per cui non disponga di una licenza valida. L&#8217;Utente \u00e8 da ritenersi l&#8217;unico responsabile dell&#8217;eventuale violazione di qualsiasi legge applicabile in materia di diritti di terze parti causata da contenuto fornito o trasmesso dall&#8217;Utente o tramite il Dispositivo dell&#8217;Utente. L&#8217;impegno a dimostrare che il contenuto fornito dall&#8217;Utente non violi alcuna legge o alcun diritto di terze parti \u00e8 esclusivamente a carico dell&#8217;Utente. In nessun caso l&#8217;App verr\u00e0 utilizzata in modo da (a) aggredire, offendere, minacciare, diffamare o violare in altro modo i diritti di Opensail o di un&#8217;altra parte; (b) risultare illegale, fraudolenta o ingannevole; (c) trasmettere informazioni proprietarie dell&#8217;Utente o di una terza parte; (d) tentare di introdurre virus o altro codice dannoso; (e) tentare di ottenere accesso non autorizzato alla rete di computer; (f) incoraggiare comportamenti criminosi; o (g) violare il presente Contratto. \u00a0Lo Sviluppatore si riserva il diritto, a propria esclusiva discrezione, di cessare il presente Contratto e\/o richiedere all&#8217;Utente di rimuovere l&#8217;App dal proprio Dispositivo per qualsiasi motivo, incluso, a titolo esemplificativo, un reclamo ricevuto dallo Sviluppatore riguardo alla violazione, da parte dell&#8217;Utente, dei diritti di propriet\u00e0 intellettuale di una terza parte.<\/li>\n<li><b>ESCLUSIONE DELLE GARANZIE E LIMITAZIONI DELLA RESPONSABILIT\u00c0<\/b> &#8211; L&#8217;APP PU\u00d2 ESSERE IN FASE DI SVILUPPO CONTINUO DA PARTE DELLO SVILUPPATORE E PU\u00d2 CONTENERE BUG. COME TALE, L&#8217;APP VIENE FORNITA &#8220;COS\u00cc COM&#8217;\u00c8&#8221; E VIENE UTILIZZATA DALL&#8217;UTENTE A PROPRIO RISCHIO. NELLA MISURA MASSIMA CONSENTITA DALLA LEGGE APPLICABILE, LO SVILUPPATOER NON RICONOSCE ALCUNA GARANZIA N\u00c9 CONDIZIONE, ESPRESSA O IMPLICITA, INCLUSE, SENZA AD ESSE LIMITARSI, GARANZIE IMPLICITE DI COMMERCIABILIT\u00c0, IDONEIT\u00c0 A UN DETERMINATO SCOPO, TITOLARIT\u00c0 E NON VIOLAZIONE DI DIRITTI ALTRUI IN RELAZIONE AL PRODOTTO SMART E AI RELATIVI COMPONENTI E ALLA FORNITURA O MANCATA FORNITURA DI SERVIZI DI ASSISTENZA. LO SVILUPPATOER NON GARANTISCE CHE IL FUNZIONAMENTO DELL&#8217;APP SAR\u00c0 ININTERROTTO O PRIVO DI ERRORI. OLTRE AGLI SPECIFICI DIRITTI CONFERITI DALLA PRESENTE GARANZIA,L&#8217;UTENTE POTR\u00c0 BENEFICIARE DI ALTRI DIRITTI CHE VARIANO DA GIURISDIZIONE A GIURISDIZIONE. FATTO SALVO QUANTO SPECIFICATO NEL PRESENTE CONTRATTO, NON SI APPLICANO ALTRE GARANZIE, CONDIZIONI O ASSICURAZIONI SULL&#8217;APP, ESPRESSE O IMPLICITE, E TUTTE LE EVENTUALI GARANZIE, CONDIZIONI E ASSICURAZIONI SONO ESCLUSE PER QUANTO CONSENTITO A NORMA DI LEGGE. SENZA ALCUNA LIMITAZIONE A QUANTO SPECIFICATO SOPRA: \u00a01. LO SVILUPPATORE NON GARANTISCE O DICHIARA L&#8217;USO ININTERROTTO O PRIVO DI ERRORI DELL&#8217;APP E L&#8217;UTENTE ACCETTA CHE LO SVILUPPATORE POSSA OCCASIONALMENTE RIMUOVERE L&#8217;APP PER PERIODI DI TEMPO INDEFINITI O ANNULLARE L&#8217;APP IN QUALSIASI MOMENTO, SENZA PREAVVISO; 2. LO SVILUPPATORE NON GARANTISCE O DICHIARA CHE L&#8217;APP SAR\u00c0 IMMUNE DA PERDITA, DANNI, ATTACCHI, VIRUS, INTERFERENZA, MANOMISSIONE O ALTRE VIOLAZIONI DELLA SICUREZZA E RIFIUTA QUALSIASI RESPONSABILIT\u00c0 CORRELATA IN TAL SENSO. L&#8217;UTENTE \u00c8 RESPONSABILE DEL BACKUP DEL PROPRIO DISPOSITIVO. \u00a0IN ALCUN CASO LO SVILUPPATORE SARA&#8217; RESPONSABILE DI PERDITA O DANNI PROVOCATI DALL&#8217;APP. LO SVILUPPATORE GARANTISCE OGNI RAGIONEVOLE SFORZO PER PROTEGGERE LE INFORMAZIONI INVIATE DALL&#8217;UTENTE IN RELAZIONE ALL&#8217;APP, MA L&#8217;UTENTE RICONOSCE E ACCETTA DI INVIARE TALI INFORMAZIONI A PROPRIO RISCHIO ESCLUSIVO E LO SVILUPPATORE RIFIUTA QUALSIASI RESPONSABILIT\u00c0 VERSO L&#8217;UTENTE PER EVENTUALI PERDITE O ALTRI INCONVENIENTI CORRELATI A TALI INFORMAZIONI IN QUALSIASI MODO. NELLA MISURA MASSIMA CONSENTITA DALLA LEGGE APPLICABILE, LO SVILUPPATORE E I SUOI RAPPRESENTANTI NON SONO RESPONSABILI PER DANNI INDIRETTI, SPECIALI, ESEMPLARI, INCIDENTALI O CONSEQUENZIALI O PER EVENTUALI DANNI RELATIVI ALLA PERDITA DI AFFARI, GUASTI DI TELECOMUNICAZIONE, PERDITA, DANNEGGIAMENTO, SICUREZZA O FURTO DI DATI, PERDITA DI PROFITTI O INVESTIMENTI, POSIZIONI CONTABILI ASSUNTE DALL&#8217;UTENTE O SIMILI, ANCHE SE BASATI SU CONTRATTO, ILLECITO (COMPRESA LA NEGLIGENZA), RESPONSABILIT\u00c0 OGGETTIVA, RESPONSABILIT\u00c0 DEL PRODOTTO O ALTRO, ANCHE NEL CASO IN CUI LO SVILUPPATORE O I SUOI RAPPRESENTANTI SIANO STATI INFORMATI DELLA POSSIBILIT\u00c0 DI TALI DANNI E ANCHE SE UN RIMEDIO PREVISTO NEL PRESENTE DOCUMENTO SI RIVELA NULLO RELATIVAMENTE AL SUO SCOPO FONDAMENTALE. LE LIMITAZIONI DEI DANNI DI CUI SOPRA SONO ELEMENTI FONDAMENTALI ALLA BASE DELL&#8217;ACCORDO FRA LO SVILUPPATORE E L&#8217;UTENTE. SENZA TALI LIMITAZIONI, OPENSAIL NON AVREBBE FORNITO GRATUITAMENTE L&#8217;APP ALL&#8217;UTENTE. SONO A ESCLUSIVO CARICO DELL&#8217;UTENTE TUTTE LE SPESE RELATIVE A DATI, TEMPI O DI ALTRO TIPO ASSOCIATE ALLA TRASMISSIONE DELLE INFORMAZIONI E ALL&#8217;USO DEL DISPOSITIVO.<\/li>\n<li><strong>RINUNCIA E INDENNIT\u00c0<\/strong> &#8211; UTILIZZANDO L&#8217;APP, L&#8217;UTENTE ACCETTA, NELLA MISURA CONSENTITA DALLA LEGGE, DI INDENNIZZARE E DI NON RITENERE RESPONSABILE LO SVILUPPATORE IN RELAZIONE A EVENTUALI RECLAMI PRODOTTI DALLA VIOLAZIONE DEL PRESENTE CONTRATTO, DALL&#8217;USO DELL&#8217;APP O DA QUALSIASI AZIONE ADOTTATA DALLO SVILUPPATORE COME PARTE DELLE PROPRIE INDAGINI RIGUARDO A UNA SOSPETTA VIOLAZIONE DEL PRESENTE CONTRATTO O QUALE RISULTATO DELLA DETERMINAZIONE DELL&#8217;AVVENUTA VIOLAZIONE DEL PRESENTE CONTRATTO. DI CONSEGUENZA, L&#8217;UTENTE NON PU\u00d2 CITARE O RIVALERSI PER EVENTUALI DANNI SULLO SVILUPPATORE COME CONSEGUENZA DELLA DECISIONE DI RIFIUTARSI DI ELABORARE INFORMAZIONI FORNITE DALL&#8217;UTENTE ALLO SVILUPPATORE, DIFFIDARE L&#8217;UTENTE, SOSPENDERE O CESSARE L&#8217;ACCESSO ALL&#8217;APP O INTRAPRENDERE QUALSIASI ALTRA AZIONE. QUESTA DISPOSIZIONE RELATIVA A RINUNCIA E INDENNIT\u00c0 SI APPLICA A TUTTE LE VIOLAZIONE DESCRITTE O PREVISTE AI SENSI DEL PRESENTE CONTRATTO. L&#8217;UTENTE \u00c8 INTERAMENTE RESPONSABILE DI TUTTE LE ATTIVIT\u00c0 (E USI IMPROPRI) CHE HANNO LUOGO O ORIGINE DAL PROPRIO DISPOSITIVO DURANTE L&#8217;UTILIZZO DELL&#8217;APP.<\/li>\n<li><strong>CODICE DI TERZE PARTI<\/strong> &#8211; L&#8217;App pu\u00f2 includere codice di programmazione non creato dallo Sviluppatore (&#8220;Codice di terze parti&#8221;). Tale Codice di terze parti \u00e8 soggetto ai termini della rispettiva licenza, le cui indicazioni obbligatorie sono riportate in un altro documento che \u00e8 possibile richiedere. Lo Sviluppatore non sottoscrive o promuove prodotti o servizi forniti da tali terze parti. L&#8217;Utente riconosce il proprio dovere di leggere, accettare e rispettare i termini e le condizioni di tali licenze per tutto il Codice di terze parti. Alcune icone o parte di esse sono fornite da Apache License (https:\/\/www.apache.org\/licenses\/LICENSE-2.0)<\/li>\n<li><strong>FONTI DEI DATI<\/strong> &#8211; L&#8217;App si comporta a tutti gli effetti come un browser, ricercando da diverse fonti ed aggregando i dati da esse ottenuti. Tale processo di interrogazione ed aggregazione avviene esclusivamente sul Dispositivo dell&#8217;Utente e in nessun modo lo Sviluppatore ha accesso a quanto l&#8217;Utente ricerca e visualizza. I dati visualizzati nell&#8217;App vengono forniti da: Il Portale dell&#8217;Automobilista \u2013 Ministero delle infrastrutture e dei trasporti (www.ilportaledellautomobilista.it); Allianz \u2013 Compagnia Assicurativa (http:\/\/www.allianz.it\/); Zurich Connect \u2013 Compagnia Assicurativa (https:\/\/www.zurich-connect.it\/); Groupama \u2013 Compagnia Assicurativa (http:\/\/www.groupama.it\/); ACI \u2013 Automobile Club Italia (http:\/\/www.aci.it\/); Dipartimento di Pubblica Sicurezza \u2013 Ministero dell&#8217;Interno (http:\/\/www.interno.gov.it\/it). Per ottenere tali informazioni, l&#8217;Utente invia a ciascuno dei soggetti indicati dati inerenti il numero di targa o di telaio ricercato e informazioni tecniche relative al proprio Dispositivo quali, ad esempio, indirizzo IP, numero identificativo univoco del Dispositivo, ecc. Utilizzando l&#8217;App, l&#8217;Utente dichiara di aver letto ed accettato i termini di utilizzo e le informative sulla privacy delle fonti ivi descritte e libera lo Sviluppatore da ogni responsabilit\u00e0 derivante dall&#8217;uso improprio di tali servizi. In nessun modo lo Sviluppatore ha accesso ai dati forniti da tali soggetti e, quindi, non \u00e8 in grado di esercitare alcun potere di modifica o cancellazione su di essi. Per esercitare i propri diritti in materia di trattamento dei dati personali, laddove consentito dalla legge, si rimanda ai soggetti sopra indicati. Le informazioni riportate nell&#8217;App possono essere parzialmente o totalmente erratte e, pertanto, hanno valore puramente informativo e di nessun valore legale.<\/li>\n<li><strong>GENERALE<\/strong> &#8211; I presenti Termini costituiscono l&#8217;intero accordo tra l&#8217;Utente e lo Sviluppatore in relazione all&#8217;App. Qualora una parte del presente Contratto venga ritenuta non valida o inapplicabile, tale parte verr\u00e0 interpretata in modo coerente con la legge in vigore per riflettere, quanto pi\u00f9 fedelmente possibile, le intenzioni originali delle parti, mentre le disposizioni rimanenti manterranno pieno vigore ed efficacia. La mancata applicazione da parte dello Sviluppatore di qualsiasi diritto o disposizione del presente Contratto non costituir\u00e0 una rinuncia a questa o ad altre disposizioni. Lo Sviluppatore non \u00e8 responsabile della mancata applicazione di qualsiasi obbligazione in relazione a cause che esulino dal suo controllo. Solo lo Sviluppatore \u00e8 autorizzato ad apportare modifiche ai Termini o a fornire qualsiasi dichiarazione, impegno o garanzia aggiuntivi vincolanti per lo Sviluppatore. Qualsiasi deroga ai presenti Termini da parte dello Sviluppatore deve essere in forma scritta, firmata da un rappresentante autorizzato dello Sviluppatore e deve riferirsi espressamente alle disposizioni applicabili dei Termini. I presenti Termini non limitano alcun diritto posseduto dallo Sviluppatore in base a un segreto commerciale, un copyright, un brevetto o altre leggi. Lo Sviluppatore si riserva il diritto di divulgare in qualsiasi momento le informazioni sull&#8217;Utente qualora lo ritenga necessario per soddisfare qualsiasi legge, normativa, processo legale o richiesta governativa applicabile.<\/li>\n<li><strong>UTILIZZO IN BUONA FEDE<\/strong> &#8211; L&#8217;Utente dichiara di utilizzare l&#8217;App secondo princ\u00ecpi di &#8220;Buona Fede&#8221;, impegnandosi quindi ad effettuare ricerche solo per veicoli a se stesso intestati, oppure ricerche consentite dalle normative vigenti. In caso contrario, l&#8217;Utente \u00e8 responsabile dell&#8217;utilizzo improprio dell&#8217;App davanti alla legge.<\/li>\n<li><strong>FORO DI COMPETENZA<\/strong> &#8211; Il presente Contratto \u00e8 regolato dalle leggi della Repubblica Italiana. Per qualsiasi controversia inerente il o derivante dal presente Contratto o dalla sua esecuzione sar\u00e0 esclusivamente competente il Tribunale di Roma.<\/li>\n<\/ol>\n <\/div>[\/vc_column][\/vc_row][vc_row type=&#8221;in_container&#8221; full_screen_row_position=&#8221;middle&#8221; scene_position=&#8221;center&#8221; text_color=&#8221;dark&#8221; text_align=&#8221;left&#8221; overlay_strength=&#8221;0.3&#8243; shape_divider_position=&#8221;bottom&#8221;][vc_column column_padding=&#8221;no-extra-padding&#8221; column_padding_position=&#8221;all&#8221; background_color_opacity=&#8221;1&#8243; background_hover_color_opacity=&#8221;1&#8243; column_shadow=&#8221;none&#8221; column_border_radius=&#8221;none&#8221; width=&#8221;1\/1&#8243; tablet_text_alignment=&#8221;default&#8221; phone_text_alignment=&#8221;default&#8221; column_border_width=&#8221;none&#8221; column_border_style=&#8221;solid&#8221;][vc_text_separator title=&#8221;Ultimo aggiornamento: 11 Novembre 2017&#8243;][\/vc_column][\/vc_row]\n","protected":false},"excerpt":{"rendered":"<p>[vc_row type=&#8221;in_container&#8221; full_screen_row_position=&#8221;middle&#8221; scene_position=&#8221;center&#8221; text_color=&#8221;dark&#8221; text_align=&#8221;left&#8221; overlay_strength=&#8221;0.3&#8243; shape_divider_position=&#8221;bottom&#8221;][vc_column column_padding=&#8221;no-extra-padding&#8221; column_padding_position=&#8221;all&#8221; background_color_opacity=&#8221;1&#8243; background_hover_color_opacity=&#8221;1&#8243; column_shadow=&#8221;none&#8221; column_border_radius=&#8221;none&#8221; width=&#8221;1\/1&#8243; tablet_text_alignment=&#8221;default&#8221; phone_text_alignment=&#8221;default&#8221; column_border_width=&#8221;none&#8221; column_border_style=&#8221;solid&#8221;][vc_custom_heading text=&#8221;Termini e condizioni&#8221; font_container=&#8221;tag:h1|text_align:center&#8221; use_theme_fonts=&#8221;yes&#8221;][\/vc_column][\/vc_row][vc_row type=&#8221;in_container&#8221; full_screen_row_position=&#8221;middle&#8221; scene_position=&#8221;center&#8221; text_color=&#8221;dark&#8221; text_align=&#8221;left&#8221; overlay_strength=&#8221;0.3&#8243;&#8230;<\/p>\n","protected":false},"author":1,"featured_media":0,"parent":0,"menu_order":0,"comment_status":"closed","ping_status":"open","template":"","meta":{"footnotes":""},"class_list":["post-70","page","type-page","status-publish"],"_links":{"self":[{"href":"https:\/\/www.scannerveicoli.it\/index.php?rest_route=\/wp\/v2\/pages\/70","targetHints":{"allow":["GET"]}}],"collection":[{"href":"https:\/\/www.scannerveicoli.it\/index.php?rest_route=\/wp\/v2\/pages"}],"about":[{"href":"https:\/\/www.scannerveicoli.it\/index.php?rest_route=\/wp\/v2\/types\/page"}],"author":[{"embeddable":true,"href":"https:\/\/www.scannerveicoli.it\/index.php?rest_route=\/wp\/v2\/users\/1"}],"replies":[{"embeddable":true,"href":"https:\/\/www.scannerveicoli.it\/index.php?rest_route=%2Fwp%2Fv2%2Fcomments&post=70"}],"version-history":[{"count":5,"href":"https:\/\/www.scannerveicoli.it\/index.php?rest_route=\/wp\/v2\/pages\/70\/revisions"}],"predecessor-version":[{"id":79,"href":"https:\/\/www.scannerveicoli.it\/index.php?rest_route=\/wp\/v2\/pages\/70\/revisions\/79"}],"wp:attachment":[{"href":"https:\/\/www.scannerveicoli.it\/index.php?rest_route=%2Fwp%2Fv2%2Fmedia&parent=70"}],"curies":[{"name":"wp","href":"https:\/\/api.w.org\/{rel}","templated":true}]}}